{"id":19687,"date":"2023-08-31T16:12:01","date_gmt":"2023-08-31T14:12:01","guid":{"rendered":"https:\/\/futurelab.pk.edu.pl\/collaboration\/"},"modified":"2025-11-21T14:02:45","modified_gmt":"2025-11-21T13:02:45","slug":"collaboration","status":"publish","type":"page","link":"https:\/\/futurelab.pk.edu.pl\/en\/collaboration\/","title":{"rendered":"Collaboration"},"content":{"rendered":"\n<p>FutureLab project teams regularly cooperate with social, business, and local government entities. We support the potential of students at Cracow University of Technology, who, under the academic supervision of faculty, develop innovative products and technologies for external partners, bringing benefits to all parties. We offer individualized approaches and flexibility to anyone seeking optimal solutions. Below are the benefits of collaborating with FutureLab.   <\/p>\n<div class=\"wp-block-ub-expand ub-expand\" id=\"ub-expand-f9114583-6306-40f6-a103-7c1f2ce8b5d6\" data-scroll-type=\"false\" data-scroll-amount=\"\" data-scroll-target=\"\">\n<div class=\"ub-expand-portion ub-expand-partial wp-block-ub-expand-portion\" id=\"ub-expand-partial-42deba29-1074-4f1b-bed0-d934d820520f\" aria-hidden=\"false\">\n\t\t\t\n\n<div class=\"wp-block-uagb-advanced-heading uagb-block-cf8e4bf8\"><h2 class=\"uagb-heading-text\">Are you a student?<\/h2><\/div>\n\n\n\n<p><strong>FutureLab at Cracow University of Technology is a space where your ideas can become reality!<\/strong><br>Nearly 150 project teams, involving over 1,000 students, have benefited from our support. We help at all stages of idea implementation: financing materials, training, trips, and promotion of achievements, as well as coordinating project logistics and administration. With our help, you can realize your own scientific project and make it known to the world!  <\/p>\n\n\n\t\t\t<a id=\"ub-expand-toggle-partial-42deba29-1074-4f1b-bed0-d934d820520f\" class=\"ub-expand-toggle-button\" style=\"text-align: left; \" role=\"button\" aria-expanded=\"false\" aria-controls=\"ub-expand-full-42deba29-1074-4f1b-bed0-d934d820520f\" tabindex=\"0\">\n\t\t\t\t<strong>rozwi\u0144<\/strong>\n\t\t\t<\/a>\n\t\t<\/div>\n\n<div class=\"ub-expand-portion ub-expand-full ub-hide wp-block-ub-expand-portion\" id=\"ub-expand-full-42deba29-1074-4f1b-bed0-d934d820520f\" aria-hidden=\"true\">\n\t\t\t\n\n<p>We provide:<br>\u2714 Pe\u0142ne wsparcie finansowe Twojego projektu<br>\u2714 Mo\u017cliwo\u015b\u0107 udzia\u0142u w interdyscyplinarnych projektach badawczo-rozwojowychOpiek\u0119 ekspert\u00f3w i mentor\u00f3w <br>\u2714 Szkolenia, warsztaty, wyjazdy studyjne i hackathony =<br>\u2714 Dost\u0119p do nowoczesnych technologii, laboratori\u00f3w i sprz\u0119tu <br>\u2714 Przestrze\u0144 coworkingow\u0105 oraz eventow\u0105<br>\u2714 Wsparcie coachingowe i marketingowe projekt\u00f3w<br>\u2714 Konsultacje pomys\u0142\u00f3w biznesowych, szczeg\u00f3lnie w zakresie R&amp;D<\/p>\n\n\n\t\t\t<a id=\"ub-expand-toggle-full-42deba29-1074-4f1b-bed0-d934d820520f\" class=\"ub-expand-toggle-button\" style=\"text-align: left; \" role=\"button\" aria-expanded=\"true\" aria-controls=\"ub-expand-full-42deba29-1074-4f1b-bed0-d934d820520f\" tabindex=\"0\">\n\t\t\t\tzwi\u0144\n\t\t\t<\/a>\n\t\t<\/div>\n<\/div><div class=\"wp-block-ub-expand ub-expand\" id=\"ub-expand-0ae2e7b1-3637-407e-9107-31372a13ece0\" data-scroll-type=\"false\" data-scroll-amount=\"\" data-scroll-target=\"\">\n<div class=\"ub-expand-portion ub-expand-partial wp-block-ub-expand-portion\" id=\"ub-expand-partial-b1df3bb0-6009-4252-9e19-195e66c7a74d\" aria-hidden=\"false\">\n\t\t\t\n\n<div class=\"wp-block-uagb-advanced-heading uagb-block-fa571dc0\"><h2 class=\"uagb-heading-text\">Are you a university employee?<\/h2><\/div>\n\n\n\n<p><strong>FutureLab PK is a place that connects generations.<\/strong><br>Become an academic supervisor of a student group and, as a mentor, develop your scientific idea with young, talented people. We provide project funding and support in acquiring mentoring skills and modern teaching methods.  <\/p>\n\n\n\t\t\t<a id=\"ub-expand-toggle-partial-b1df3bb0-6009-4252-9e19-195e66c7a74d\" class=\"ub-expand-toggle-button\" style=\"text-align: left; \" role=\"button\" aria-expanded=\"false\" aria-controls=\"ub-expand-full-b1df3bb0-6009-4252-9e19-195e66c7a74d\" tabindex=\"0\">\n\t\t\t\t<strong>rozwi\u0144<\/strong>\n\t\t\t<\/a>\n\t\t<\/div>\n\n<div class=\"ub-expand-portion ub-expand-full ub-hide wp-block-ub-expand-portion\" id=\"ub-expand-full-b1df3bb0-6009-4252-9e19-195e66c7a74d\" aria-hidden=\"true\">\n\t\t\t\n\n<p>We can help you to: <\/p>\n\n\n\n<p>\u2714 Gain new teaching experience based on project work<br>\u2714 Acquire partners from the social and economic environment<br>\u2714 Finance publications and participation in scientific events conducted with students<br>\u2714 Participate in science-business networking events<\/p>\n\n\n\t\t\t<a id=\"ub-expand-toggle-full-b1df3bb0-6009-4252-9e19-195e66c7a74d\" class=\"ub-expand-toggle-button\" style=\"text-align: left; \" role=\"button\" aria-expanded=\"true\" aria-controls=\"ub-expand-full-b1df3bb0-6009-4252-9e19-195e66c7a74d\" tabindex=\"0\">\n\t\t\t\tzwi\u0144\n\t\t\t<\/a>\n\t\t<\/div>\n<\/div><div class=\"wp-block-ub-expand ub-expand\" id=\"ub-expand-ee0db4db-b573-4154-b997-0c5ef7376ebb\" data-scroll-type=\"false\" data-scroll-amount=\"\" data-scroll-target=\"\">\n<div class=\"ub-expand-portion ub-expand-partial wp-block-ub-expand-portion\" id=\"ub-expand-partial-83f76801-2f95-4901-900b-d6e928e88123\" aria-hidden=\"false\">\n\t\t\t\n\n<div class=\"wp-block-uagb-advanced-heading uagb-block-bc09828a\"><h2 class=\"uagb-heading-text\">Are you a business representative?<\/h2><\/div>\n\n\n\n<p><strong>Collaboration with FutureLab PK provides access to knowledge, technology, and creative minds.<\/strong> Over the years, we have successfully collaborated with dozens of companies across various sectors. Our student project teams work with entrepreneurs to develop modern technologies\u2014many of which obtain patents and are brought to market. <\/p>\n\n\n\t\t\t<a id=\"ub-expand-toggle-partial-83f76801-2f95-4901-900b-d6e928e88123\" class=\"ub-expand-toggle-button\" style=\"text-align: left; \" role=\"button\" aria-expanded=\"false\" aria-controls=\"ub-expand-full-83f76801-2f95-4901-900b-d6e928e88123\" tabindex=\"0\">\n\t\t\t\t<strong>rozwi\u0144<\/strong>\n\t\t\t<\/a>\n\t\t<\/div>\n\n<div class=\"ub-expand-portion ub-expand-full ub-hide wp-block-ub-expand-portion\" id=\"ub-expand-full-83f76801-2f95-4901-900b-d6e928e88123\" aria-hidden=\"true\">\n\t\t\t\n\n<p><br>We offer:<br>\u2714 Organization of a student-scientific group dedicated to your company\u2019s profile<br>\u2714 Talent recruitment and support for internship programs<br>\u2714 Possibility of joint R&amp;D projects<br>\u2714 Creation of events at the university tailored to your company<br>\u2714 Organization of study visits in industrial plants and laboratories<br>\u2714 Opportunity to reach a young, engaged audience directly with your product<br>\u2714 Testing and implementation of innovative solutions <\/p>\n\n\n\t\t\t<a id=\"ub-expand-toggle-full-83f76801-2f95-4901-900b-d6e928e88123\" class=\"ub-expand-toggle-button\" style=\"text-align: left; \" role=\"button\" aria-expanded=\"true\" aria-controls=\"ub-expand-full-83f76801-2f95-4901-900b-d6e928e88123\" tabindex=\"0\">\n\t\t\t\tzwi\u0144\n\t\t\t<\/a>\n\t\t<\/div>\n<\/div><div class=\"wp-block-ub-expand ub-expand\" id=\"ub-expand-17d6e387-31d2-470a-bd4c-aeb480012140\" data-scroll-type=\"false\" data-scroll-amount=\"\" data-scroll-target=\"\">\n<div class=\"ub-expand-portion ub-expand-partial wp-block-ub-expand-portion\" id=\"ub-expand-partial-6b49624d-f846-47f4-98ac-c814c4af75f4\" aria-hidden=\"false\">\n\t\t\t\n\n<div class=\"wp-block-uagb-advanced-heading uagb-block-5838e7cd\"><h2 class=\"uagb-heading-text\">Are you in local government?<\/h2><\/div>\n\n\n\n<p><strong>Solutions developed by FutureLab student groups are used by municipalities to modernize spaces for residents.<\/strong> We collaborate with local government units at all levels, providing projects, concepts, research, expertise, and modern solutions that help cities and regions step into the future. <br><\/p>\n\n\n\t\t\t<a id=\"ub-expand-toggle-partial-6b49624d-f846-47f4-98ac-c814c4af75f4\" class=\"ub-expand-toggle-button\" style=\"text-align: left; \" role=\"button\" aria-expanded=\"false\" aria-controls=\"ub-expand-full-6b49624d-f846-47f4-98ac-c814c4af75f4\" tabindex=\"0\">\n\t\t\t\t<strong>rozwi\u0144<\/strong>\n\t\t\t<\/a>\n\t\t<\/div>\n\n<div class=\"ub-expand-portion ub-expand-full ub-hide wp-block-ub-expand-portion\" id=\"ub-expand-full-6b49624d-f846-47f4-98ac-c814c4af75f4\" aria-hidden=\"true\">\n\t\t\t\n\n<p><br>We offer:<br>\u2714 Organization of a student-scientific group dedicated to topics proposed by the municipality<br>\u2714 Designing smart solutions for cities<br>\u2714 Testing innovations in urban spaces<br>\u2714 Organization of participatory workshops<br>\u2714 Collaboration in green technologies and digitization<\/p>\n\n\n\t\t\t<a id=\"ub-expand-toggle-full-6b49624d-f846-47f4-98ac-c814c4af75f4\" class=\"ub-expand-toggle-button\" style=\"text-align: left; \" role=\"button\" aria-expanded=\"true\" aria-controls=\"ub-expand-full-6b49624d-f846-47f4-98ac-c814c4af75f4\" tabindex=\"0\">\n\t\t\t\tzwi\u0144\n\t\t\t<\/a>\n\t\t<\/div>\n<\/div><div class=\"wp-block-ub-expand ub-expand\" id=\"ub-expand-09cf1a5a-8733-467b-b7b2-56eadac960a8\" data-scroll-type=\"false\" data-scroll-amount=\"\" data-scroll-target=\"\">\n<div class=\"ub-expand-portion ub-expand-partial wp-block-ub-expand-portion\" id=\"ub-expand-partial-b7f8713f-a8da-4542-a22b-d51684c82946\" aria-hidden=\"false\">\n\t\t\t\n\n<div class=\"wp-block-uagb-advanced-heading uagb-block-3b1244ae\"><h2 class=\"uagb-heading-text\">Are you a school representative?<\/h2><\/div>\n\n\n\n<p><strong>We support schools in developing modern education.<\/strong> We offer academic mentoring and help teachers gain skills to conduct classes in the form of experiments using tools and technologies that ensure student engagement and foster interest in science. <\/p>\n\n\n\t\t\t<a id=\"ub-expand-toggle-partial-b7f8713f-a8da-4542-a22b-d51684c82946\" class=\"ub-expand-toggle-button\" style=\"text-align: left; \" role=\"button\" aria-expanded=\"false\" aria-controls=\"ub-expand-full-b7f8713f-a8da-4542-a22b-d51684c82946\" tabindex=\"0\">\n\t\t\t\t<strong>rozwi\u0144<\/strong>\n\t\t\t<\/a>\n\t\t<\/div>\n\n<div class=\"ub-expand-portion ub-expand-full ub-hide wp-block-ub-expand-portion\" id=\"ub-expand-full-b7f8713f-a8da-4542-a22b-d51684c82946\" aria-hidden=\"true\">\n\t\t\t\n\n<p>FutureLab PK offers:<\/p>\n\n\n\n<p>\u2714 Engaging educational workshops for students in the form of experiments<br>\u2714 Mentoring programs for teachers<br>\u2714 Original #nauka4future program with an online knowledge platform<br>\u2714 Study visits and open days in laboratories<br>\u2714 Support for the most talented students <\/p>\n\n\n\t\t\t<a id=\"ub-expand-toggle-full-b7f8713f-a8da-4542-a22b-d51684c82946\" class=\"ub-expand-toggle-button\" style=\"text-align: left; \" role=\"button\" aria-expanded=\"true\" aria-controls=\"ub-expand-full-b7f8713f-a8da-4542-a22b-d51684c82946\" tabindex=\"0\">\n\t\t\t\tzwi\u0144\n\t\t\t<\/a>\n\t\t<\/div>\n<\/div>\n<h2 class=\"wp-block-heading\">Contact us!<\/h2>\n\n<p>FutureLab Politechnika Krakowska<br\/>ul. Lea 114, lok. 206<br\/>30-133 Krak\u00f3w  <\/p>\n\n<p><a href=\"mailto:futurelab@pk.edu.pl\" target=\"_blank\" rel=\"noreferrer noopener\"><\/a><strong><a href=\"mailto:futurelab@pk.edu.pl\">futurelab@pk.edu.pl<\/a><\/strong><\/p>\n\n<p>tel. 12 628 24005<\/p>\n","protected":false},"excerpt":{"rendered":"<p> [&hellip;]<\/p>\n","protected":false},"author":912,"featured_media":0,"parent":0,"menu_order":0,"comment_status":"closed","ping_status":"closed","template":"","meta":{"_acf_changed":false,"inline_featured_image":false,"_uag_custom_page_level_css":"","site-sidebar-layout":"default","site-content-layout":"","ast-site-content-layout":"default","site-content-style":"default","site-sidebar-style":"default","ast-global-header-display":"","ast-banner-title-visibility":"","ast-main-header-display":"","ast-hfb-above-header-display":"","ast-hfb-below-header-display":"","ast-hfb-mobile-header-display":"","site-post-title":"","ast-breadcrumbs-content":"","ast-featured-img":"","footer-sml-layout":"","ast-disable-related-posts":"","theme-transparent-header-meta":"","adv-header-id-meta":"","stick-header-meta":"","header-above-stick-meta":"","header-main-stick-meta":"","header-below-stick-meta":"","astra-migrate-meta-layouts":"default","ast-page-background-enabled":"default","ast-page-background-meta":{"desktop":{"background-color":"var(--ast-global-color-4)","background-image":"","background-repeat":"repeat","background-position":"center center","background-size":"auto","background-attachment":"scroll","background-type":"","background-media":"","overlay-type":"","overlay-color":"","overlay-opacity":"","overlay-gradient":""},"tablet":{"background-color":"","background-image":"","background-repeat":"repeat","background-position":"center center","background-size":"auto","background-attachment":"scroll","background-type":"","background-media":"","overlay-type":"","overlay-color":"","overlay-opacity":"","overlay-gradient":""},"mobile":{"background-color":"","background-image":"","background-repeat":"repeat","background-position":"center center","background-size":"auto","background-attachment":"scroll","background-type":"","background-media":"","overlay-type":"","overlay-color":"","overlay-opacity":"","overlay-gradient":""}},"ast-content-background-meta":{"desktop":{"background-color":"var(--ast-global-color-5)","background-image":"","background-repeat":"repeat","background-position":"center center","background-size":"auto","background-attachment":"scroll","background-type":"","background-media":"","overlay-type":"","overlay-color":"","overlay-opacity":"","overlay-gradient":""},"tablet":{"background-color":"var(--ast-global-color-5)","background-image":"","background-repeat":"repeat","background-position":"center center","background-size":"auto","background-attachment":"scroll","background-type":"","background-media":"","overlay-type":"","overlay-color":"","overlay-opacity":"","overlay-gradient":""},"mobile":{"background-color":"var(--ast-global-color-5)","background-image":"","background-repeat":"repeat","background-position":"center center","background-size":"auto","background-attachment":"scroll","background-type":"","background-media":"","overlay-type":"","overlay-color":"","overlay-opacity":"","overlay-gradient":""}},"footnotes":""},"class_list":["post-19687","page","type-page","status-publish","hentry"],"acf":[],"featured_image_src":null,"uagb_featured_image_src":{"full":false,"thumbnail":false,"medium":false,"medium_large":false,"large":false,"1536x1536":false,"2048x2048":false},"uagb_author_info":{"display_name":"dkluczynski","author_link":"https:\/\/futurelab.pk.edu.pl\/en\/author\/dkluczynski\/"},"uagb_comment_info":0,"uagb_excerpt":"[&hellip;]","_links":{"self":[{"href":"https:\/\/futurelab.pk.edu.pl\/en\/wp-json\/wp\/v2\/pages\/19687","targetHints":{"allow":["GET"]}}],"collection":[{"href":"https:\/\/futurelab.pk.edu.pl\/en\/wp-json\/wp\/v2\/pages"}],"about":[{"href":"https:\/\/futurelab.pk.edu.pl\/en\/wp-json\/wp\/v2\/types\/page"}],"author":[{"embeddable":true,"href":"https:\/\/futurelab.pk.edu.pl\/en\/wp-json\/wp\/v2\/users\/912"}],"replies":[{"embeddable":true,"href":"https:\/\/futurelab.pk.edu.pl\/en\/wp-json\/wp\/v2\/comments?post=19687"}],"version-history":[{"count":3,"href":"https:\/\/futurelab.pk.edu.pl\/en\/wp-json\/wp\/v2\/pages\/19687\/revisions"}],"predecessor-version":[{"id":19690,"href":"https:\/\/futurelab.pk.edu.pl\/en\/wp-json\/wp\/v2\/pages\/19687\/revisions\/19690"}],"wp:attachment":[{"href":"https:\/\/futurelab.pk.edu.pl\/en\/wp-json\/wp\/v2\/media?parent=19687"}],"curies":[{"name":"wp","href":"https:\/\/api.w.org\/{rel}","templated":true}]}}