{"id":19683,"date":"2023-07-27T13:54:56","date_gmt":"2023-07-27T11:54:56","guid":{"rendered":"https:\/\/futurelab.pk.edu.pl\/scientific-council\/"},"modified":"2025-11-21T13:49:44","modified_gmt":"2025-11-21T12:49:44","slug":"scientific-council","status":"publish","type":"page","link":"https:\/\/futurelab.pk.edu.pl\/en\/scientific-council\/","title":{"rendered":"Scientific Council"},"content":{"rendered":"\n<p class=\"has-medium-font-size\"><strong>The FutureLab Scientific Council was established by the order of the Rector of Cracow University of Technology.<br\/>It serves as an advisory and consultative body to the Director of the unit.<\/strong><\/p>\n\n<h2 class=\"wp-block-heading\">Tasks of the Scientific Council<\/h2>\n\n<p>The tasks of the FutureLab Scientific Council include, in particular:<\/p>\n\n<ol class=\"wp-block-list\">\n<li>Reviewing applications submitted in the student project competition,<\/li>\n\n\n\n<li>Reviewing reports on FutureLab\u2019s activities,<\/li>\n\n\n\n<li>Inspiring directions for the development of FutureLab.<\/li>\n<\/ol>\n\n<div class=\"inherit-container-width wp-block-group alignfull blok_informacyjny_na_skroty is-layout-constrained wp-container-core-group-is-layout-5fb77f0e wp-block-group-is-layout-constrained\" style=\"padding-top:5em;padding-bottom:5em\">\n<h2 class=\"wp-block-heading has-text-align-center\" style=\"margin-bottom:2em\">Members of the Scientific Council<\/h2>\n\n\n\n<div class=\"wp-block-group wciecie_pelna_szerokosc is-layout-constrained wp-block-group-is-layout-constrained\">\n<div class=\"wp-block-columns is-layout-flex wp-container-core-columns-is-layout-28f84493 wp-block-columns-is-layout-flex\">\n<div class=\"wp-block-column is-layout-flow wp-block-column-is-layout-flow\">\n<div class=\"wp-block-uagb-info-box uagb-block-3508185f uagb-infobox__content-wrap  uagb-infobox-icon-above-title uagb-infobox-image-valign-top\"><div class=\"uagb-ifb-content\"><div class=\"uagb-ifb-image-content\"><img decoding=\"async\" src=\"https:\/\/futurelab.pk.edu.pl\/wp-content\/uploads\/2024\/01\/katarzyna_lakomy-391x260.png\" alt=\"\" width=\"\" height=\"0\" loading=\"lazy\"\/><\/div><div class=\"uagb-ifb-title-wrap\"><span class=\"uagb-ifb-title-prefix\">dr in\u017c. arch. Katarzyna \u0141akomy, prof. PK   <\/span><p class=\"uagb-ifb-title\">Faculty of Architecture<\/p><\/div><\/div><\/div>\n<\/div>\n\n\n\n<div class=\"wp-block-column is-layout-flow wp-block-column-is-layout-flow\">\n<div class=\"wp-block-uagb-info-box uagb-block-119fdaf2 uagb-infobox__content-wrap  uagb-infobox-icon-above-title uagb-infobox-image-valign-top\"><div class=\"uagb-ifb-content\"><div class=\"uagb-ifb-image-content\"><img decoding=\"async\" src=\"https:\/\/futurelab.pk.edu.pl\/wp-content\/uploads\/2024\/01\/anna_romanska-391x260.png\" alt=\"\" width=\"\" height=\"0\" loading=\"lazy\"\/><\/div><div class=\"uagb-ifb-title-wrap\"><span class=\"uagb-ifb-title-prefix\">dr in\u017c. Anna Roma\u0144ska <\/span><p class=\"uagb-ifb-title\">Faculty of Electrical and Computer Engineering <\/p><\/div><\/div><\/div>\n<\/div>\n\n\n\n<div class=\"wp-block-column is-layout-flow wp-block-column-is-layout-flow\">\n<div class=\"wp-block-uagb-info-box uagb-block-1c935274 uagb-infobox__content-wrap  uagb-infobox-icon-above-title uagb-infobox-image-valign-top\"><div class=\"uagb-ifb-content\"><div class=\"uagb-ifb-image-content\"><img decoding=\"async\" src=\"https:\/\/futurelab.pk.edu.pl\/wp-content\/uploads\/2023\/12\/przemyslaw-jodlowski-391x260.jpg\" alt=\"\" width=\"\" height=\"0\" loading=\"lazy\"\/><\/div><div class=\"uagb-ifb-title-wrap\"><span class=\"uagb-ifb-title-prefix\">dr hab. in\u017c. Przemys\u0142aw Jod\u0142owski  <\/span><p class=\"uagb-ifb-title\">Faculty of Chemical Engineering and Technology<\/p><\/div><\/div><\/div>\n<\/div>\n\n\n\n<div class=\"wp-block-column is-layout-flow wp-block-column-is-layout-flow\">\n<div class=\"wp-block-uagb-info-box uagb-block-cef8c4d2 uagb-infobox__content-wrap  uagb-infobox-icon-above-title uagb-infobox-image-valign-top\"><div class=\"uagb-ifb-content\"><div class=\"uagb-ifb-image-content\"><img decoding=\"async\" src=\"https:\/\/futurelab.pk.edu.pl\/wp-content\/uploads\/2025\/01\/Rewers-391x260.jpg\" alt=\"\" width=\"\" height=\"0\" loading=\"lazy\"\/><\/div><div class=\"uagb-ifb-title-wrap\"><span class=\"uagb-ifb-title-prefix\">dr in\u017c. Iga Rewers <\/span><p class=\"uagb-ifb-title\">Faculty of Civil Engineering<\/p><\/div><\/div><\/div>\n<\/div>\n<\/div>\n<\/div>\n\n\n\n<div class=\"wp-block-group wciecie_pelna_szerokosc is-layout-constrained wp-block-group-is-layout-constrained\">\n<div class=\"wp-block-columns is-layout-flex wp-container-core-columns-is-layout-28f84493 wp-block-columns-is-layout-flex\">\n<div class=\"wp-block-column is-layout-flow wp-block-column-is-layout-flow\">\n<div class=\"wp-block-uagb-info-box uagb-block-8d2098e2 uagb-infobox__content-wrap  uagb-infobox-icon-above-title uagb-infobox-image-valign-top\"><div class=\"uagb-ifb-content\"><div class=\"uagb-ifb-image-content\"><img decoding=\"async\" src=\"https:\/\/futurelab.pk.edu.pl\/wp-content\/uploads\/2023\/12\/Joanna-Krajewska_Spiewak-391x260.jpg\" alt=\"\" width=\"\" height=\"0\" loading=\"lazy\"\/><\/div><div class=\"uagb-ifb-title-wrap\"><span class=\"uagb-ifb-title-prefix\">dr in\u017c. Joanna Krajewska-\u015apiewak <\/span><h3 class=\"uagb-ifb-title\">Faculty of Mechanical Engineering<\/h3><\/div><\/div><\/div>\n<\/div>\n\n\n\n<div class=\"wp-block-column is-layout-flow wp-block-column-is-layout-flow\">\n<div class=\"wp-block-uagb-info-box uagb-block-8fc4a6e0 uagb-infobox__content-wrap  uagb-infobox-icon-above-title uagb-infobox-image-valign-top\"><div class=\"uagb-ifb-content\"><div class=\"uagb-ifb-image-content\"><img decoding=\"async\" src=\"https:\/\/futurelab.pk.edu.pl\/wp-content\/uploads\/2024\/01\/joanna_bak-1-391x260.png\" alt=\"\" width=\"\" height=\"0\" loading=\"lazy\"\/><\/div><div class=\"uagb-ifb-title-wrap\"><span class=\"uagb-ifb-title-prefix\">dr in\u017c. Joanna B\u0105k <\/span><h3 class=\"uagb-ifb-title\">Faculty of Environmental Engineering and Energy<\/h3><\/div><\/div><\/div>\n<\/div>\n\n\n\n<div class=\"wp-block-column is-layout-flow wp-block-column-is-layout-flow\">\n<div class=\"wp-block-uagb-info-box uagb-block-1606cc8a uagb-infobox__content-wrap  uagb-infobox-icon-above-title uagb-infobox-image-valign-top\"><div class=\"uagb-ifb-content\"><div class=\"uagb-ifb-image-content\"><img decoding=\"async\" src=\"https:\/\/futurelab.pk.edu.pl\/wp-content\/uploads\/2024\/11\/daniel_grzonka-391x260-1.png\" alt=\"\" width=\"\" height=\"0\" loading=\"lazy\"\/><\/div><div class=\"uagb-ifb-title-wrap\"><span class=\"uagb-ifb-title-prefix\">dr in\u017c. Daniel Grzonka <\/span><h3 class=\"uagb-ifb-title\">Faculty of Computer Science and Telecommunications<\/h3><\/div><\/div><\/div>\n<\/div>\n\n\n\n<div class=\"wp-block-column is-layout-flow wp-block-column-is-layout-flow\">\n<div class=\"wp-block-uagb-info-box uagb-block-86380724 uagb-infobox__content-wrap  uagb-infobox-icon-above-title uagb-infobox-image-valign-top\"><div class=\"uagb-ifb-content\"><div class=\"uagb-ifb-image-content\"><img decoding=\"async\" src=\"https:\/\/futurelab.pk.edu.pl\/wp-content\/uploads\/2023\/12\/Barbara-Kozub-391x260.jpg\" alt=\"\" width=\"\" height=\"0\" loading=\"lazy\"\/><\/div><div class=\"uagb-ifb-title-wrap\"><span class=\"uagb-ifb-title-prefix\">dr in\u017c. Barbara Kozub <\/span><h3 class=\"uagb-ifb-title\">Faculty of Materials Engineering and Physics<\/h3><\/div><\/div><\/div>\n<\/div>\n<\/div>\n<\/div>\n\n\n\n<div class=\"wp-block-group wciecie_pelna_szerokosc is-layout-constrained wp-block-group-is-layout-constrained\">\n<div class=\"wp-block-columns is-layout-flex wp-container-core-columns-is-layout-28f84493 wp-block-columns-is-layout-flex\">\n<div class=\"wp-block-column is-layout-flow wp-block-column-is-layout-flow\">\n<div class=\"wp-block-uagb-info-box uagb-block-04f56785 uagb-infobox__content-wrap  uagb-infobox-icon-above-title uagb-infobox-image-valign-top\"><div class=\"uagb-ifb-content\"><div class=\"uagb-ifb-image-content\"><img decoding=\"async\" src=\"https:\/\/futurelab.pk.edu.pl\/wp-content\/uploads\/2025\/01\/zdjecie-DB-391x260.jpg\" alt=\"\" width=\"\" height=\"0\" loading=\"lazy\"\/><\/div><div class=\"uagb-ifb-title-wrap\"><span class=\"uagb-ifb-title-prefix\">mgr in\u017c. Damian Brewczy\u0144ski <\/span><h3 class=\"uagb-ifb-title\">Faculty of Mechanical Engineering<\/h3><\/div><\/div><\/div>\n<\/div>\n\n\n\n<div class=\"wp-block-column is-layout-flow wp-block-column-is-layout-flow\">\n<div class=\"wp-block-uagb-info-box uagb-block-83485205 uagb-infobox__content-wrap  uagb-infobox-icon-above-title uagb-infobox-image-valign-top\"><div class=\"uagb-ifb-content\"><div class=\"uagb-ifb-image-content\"><img decoding=\"async\" src=\"https:\/\/futurelab.pk.edu.pl\/wp-content\/uploads\/2023\/09\/photo-avatar-4-220x260.png\" alt=\"\" width=\"\" height=\"0\" loading=\"lazy\"\/><\/div><div class=\"uagb-ifb-title-wrap\"><span class=\"uagb-ifb-title-prefix\">dr in\u017c. arch. Farid Nassery  <\/span><h3 class=\"uagb-ifb-title\">Faculty of Architecture<\/h3><\/div><\/div><\/div>\n<\/div>\n\n\n\n<div class=\"wp-block-column is-layout-flow wp-block-column-is-layout-flow\">\n<div class=\"wp-block-uagb-info-box uagb-block-e63fd0ec uagb-infobox__content-wrap  uagb-infobox-icon-above-title uagb-infobox-image-valign-top\"><div class=\"uagb-ifb-content\"><div class=\"uagb-ifb-image-content\"><img decoding=\"async\" src=\"https:\/\/futurelab.pk.edu.pl\/wp-content\/uploads\/2025\/01\/Zdjecie-J_Pulit-Prociak1-1200x1200-1-391x260.jpg\" alt=\"\" width=\"\" height=\"0\" loading=\"lazy\"\/><\/div><div class=\"uagb-ifb-title-wrap\"><span class=\"uagb-ifb-title-prefix\">dr hab. in\u017c. Jolanta Pulit-Prociak, prof. PK   <\/span><h3 class=\"uagb-ifb-title\">Faculty of Chemical Engineering and Technology<\/h3><\/div><\/div><\/div>\n<\/div>\n\n\n\n<div class=\"wp-block-column is-layout-flow wp-block-column-is-layout-flow\">\n<div class=\"wp-block-uagb-info-box uagb-block-8605bfc3 uagb-infobox__content-wrap  uagb-infobox-icon-above-title uagb-infobox-image-valign-top\"><div class=\"uagb-ifb-content\"><div class=\"uagb-ifb-image-content\"><img decoding=\"async\" src=\"https:\/\/futurelab.pk.edu.pl\/wp-content\/uploads\/2024\/01\/Soltysek-Lukasz-391x260.jpg\" alt=\"\" width=\"\" height=\"0\" loading=\"lazy\"\/><\/div><div class=\"uagb-ifb-title-wrap\"><span class=\"uagb-ifb-title-prefix\">mgr in\u017c. \u0141ukasz So\u0142tysek <\/span><h3 class=\"uagb-ifb-title\">Faculty of Electrical and Computer Engineering <\/h3><\/div><\/div><\/div>\n<\/div>\n<\/div>\n<\/div>\n<\/div>\n\n<h3 class=\"wp-block-heading\">Organizational Regulations of FutureLab<\/h3>\n\n<ul class=\"wp-block-list block_links_list\">\n<li><a href=\"https:\/\/bip.pk.edu.pl\/index.php?wyr=futurelab&amp;ver=0&amp;dok=4503\">ORDER No. 76 of the Rector of Cracow University of Technology named after Tadeusz Ko\u015bciuszko dated October 25, 2023, regarding amendments to the Organizational Regulations of Cracow University of Technology  <\/a><\/li>\n\n\n\n<li><a href=\"http:\/\/bip.pk.edu.pl\/index.php?ver=0&amp;dok=3032\">Ordinance No. 78 of the Rector of PK (1 October 2019, reference R.0201.95.2019) on the Organizational Regulations of FutureLab PK.<\/a><\/li>\n<\/ul>\n\n<h3 class=\"wp-block-heading\">Orders regarding the establishment of the Scientific Council<\/h3>\n\n<ul class=\"wp-block-list block_links_list\">\n<li><a href=\"https:\/\/bip.pk.edu.pl\/index.php?ver=0&amp;dok=5141\">ORDER NO. 6 of the Rector of Cracow University of Technology named after Tadeusz Ko\u015bciuszko dated January 15, 2025, on the establishment of the FutureLab PK Scientific Council  <\/a><\/li>\n\n\n\n<li><a href=\"https:\/\/bip.pk.edu.pl\/index.php?ver=0&amp;dok=4002\">ORDER NO. 44 of the Rector of Cracow University of Technology named after Tadeusz Ko\u015bciuszko dated May 9, 2022, on the establishment of the FutureLab PK Scientific Council  <\/a><\/li>\n\n\n\n<li><a href=\"http:\/\/bip.pk.edu.pl\/index.php?ver=0&amp;dok=3100\">ORDER NO. 102 of the Rector of Cracow University of Technology named after Tadeusz Ko\u015bciuszko dated December 2, 2019, reference R.0201.123.2019, on the establishment of the FutureLab PK Scientific Council<\/a><\/li>\n<\/ul>\n\n<p><\/p>\n","protected":false},"excerpt":{"rendered":"<p> [&hellip;]<\/p>\n","protected":false},"author":912,"featured_media":0,"parent":0,"menu_order":0,"comment_status":"closed","ping_status":"closed","template":"","meta":{"_acf_changed":false,"inline_featured_image":false,"_uag_custom_page_level_css":"","site-sidebar-layout":"default","site-content-layout":"","ast-site-content-layout":"default","site-content-style":"default","site-sidebar-style":"default","ast-global-header-display":"","ast-banner-title-visibility":"","ast-main-header-display":"","ast-hfb-above-header-display":"","ast-hfb-below-header-display":"","ast-hfb-mobile-header-display":"","site-post-title":"","ast-breadcrumbs-content":"","ast-featured-img":"","footer-sml-layout":"","ast-disable-related-posts":"","theme-transparent-header-meta":"","adv-header-id-meta":"","stick-header-meta":"","header-above-stick-meta":"","header-main-stick-meta":"","header-below-stick-meta":"","astra-migrate-meta-layouts":"default","ast-page-background-enabled":"default","ast-page-background-meta":{"desktop":{"background-color":"var(--ast-global-color-4)","background-image":"","background-repeat":"repeat","background-position":"center center","background-size":"auto","background-attachment":"scroll","background-type":"","background-media":"","overlay-type":"","overlay-color":"","overlay-opacity":"","overlay-gradient":""},"tablet":{"background-color":"","background-image":"","background-repeat":"repeat","background-position":"center center","background-size":"auto","background-attachment":"scroll","background-type":"","background-media":"","overlay-type":"","overlay-color":"","overlay-opacity":"","overlay-gradient":""},"mobile":{"background-color":"","background-image":"","background-repeat":"repeat","background-position":"center center","background-size":"auto","background-attachment":"scroll","background-type":"","background-media":"","overlay-type":"","overlay-color":"","overlay-opacity":"","overlay-gradient":""}},"ast-content-background-meta":{"desktop":{"background-color":"var(--ast-global-color-5)","background-image":"","background-repeat":"repeat","background-position":"center center","background-size":"auto","background-attachment":"scroll","background-type":"","background-media":"","overlay-type":"","overlay-color":"","overlay-opacity":"","overlay-gradient":""},"tablet":{"background-color":"var(--ast-global-color-5)","background-image":"","background-repeat":"repeat","background-position":"center center","background-size":"auto","background-attachment":"scroll","background-type":"","background-media":"","overlay-type":"","overlay-color":"","overlay-opacity":"","overlay-gradient":""},"mobile":{"background-color":"var(--ast-global-color-5)","background-image":"","background-repeat":"repeat","background-position":"center center","background-size":"auto","background-attachment":"scroll","background-type":"","background-media":"","overlay-type":"","overlay-color":"","overlay-opacity":"","overlay-gradient":""}},"footnotes":""},"class_list":["post-19683","page","type-page","status-publish","hentry"],"acf":[],"featured_image_src":null,"uagb_featured_image_src":{"full":false,"thumbnail":false,"medium":false,"medium_large":false,"large":false,"1536x1536":false,"2048x2048":false},"uagb_author_info":{"display_name":"dkluczynski","author_link":"https:\/\/futurelab.pk.edu.pl\/en\/author\/dkluczynski\/"},"uagb_comment_info":0,"uagb_excerpt":"[&hellip;]","_links":{"self":[{"href":"https:\/\/futurelab.pk.edu.pl\/en\/wp-json\/wp\/v2\/pages\/19683","targetHints":{"allow":["GET"]}}],"collection":[{"href":"https:\/\/futurelab.pk.edu.pl\/en\/wp-json\/wp\/v2\/pages"}],"about":[{"href":"https:\/\/futurelab.pk.edu.pl\/en\/wp-json\/wp\/v2\/types\/page"}],"author":[{"embeddable":true,"href":"https:\/\/futurelab.pk.edu.pl\/en\/wp-json\/wp\/v2\/users\/912"}],"replies":[{"embeddable":true,"href":"https:\/\/futurelab.pk.edu.pl\/en\/wp-json\/wp\/v2\/comments?post=19683"}],"version-history":[{"count":3,"href":"https:\/\/futurelab.pk.edu.pl\/en\/wp-json\/wp\/v2\/pages\/19683\/revisions"}],"predecessor-version":[{"id":19686,"href":"https:\/\/futurelab.pk.edu.pl\/en\/wp-json\/wp\/v2\/pages\/19683\/revisions\/19686"}],"wp:attachment":[{"href":"https:\/\/futurelab.pk.edu.pl\/en\/wp-json\/wp\/v2\/media?parent=19683"}],"curies":[{"name":"wp","href":"https:\/\/api.w.org\/{rel}","templated":true}]}}